{"id":195,"date":"2024-10-28T21:46:23","date_gmt":"2024-10-28T20:46:23","guid":{"rendered":"https:\/\/naprawiaj.eu\/?page_id=195"},"modified":"2024-10-28T22:37:14","modified_gmt":"2024-10-28T21:37:14","slug":"naprawa-sprzetu-agd","status":"publish","type":"page","link":"https:\/\/naprawiaj.eu\/?page_id=195","title":{"rendered":"Naprawa Sprz\u0119tu AGD"},"content":{"rendered":"<header class=\"wp-block-template-part\">\n\n\n<div class=\"wp-block-group has-background is-layout-constrained wp-container-core-group-is-layout-7f90c203 wp-block-group-is-layout-constrained\" style=\"background-color:#2b2b2b;padding-top:12px;padding-right:10%;padding-bottom:12px;padding-left:10%\">\n<div class=\"wp-block-group alignfull mobile-aligncenter is-content-justification-space-between is-layout-flex wp-container-core-group-is-layout-6c756ad3 wp-block-group-is-layout-flex\">\n<div class=\"wp-block-group mobile-aligncenter is-layout-flow wp-block-group-is-layout-flow\">\n<h6 class=\"wp-block-heading\"><a href=\"https:\/\/www.facebook.com\/profile.php?id=61565999024549\"><strong>Obserwuj nas na Facebooku i b\u0105d\u017a na bie\u017c\u0105co z najnowszymi ofertami, promocjami oraz poradami!<\/strong><\/a><\/h6>\n<\/div>\n\n\n\n<div class=\"wp-block-group mobile-aligncenter has-white-color has-text-color has-link-color wp-elements-f3d85eb16ceff106816e15744723c8c5 is-layout-flex wp-block-group-is-layout-flex\">\n<div class=\"wp-block-group is-nowrap is-layout-flex wp-container-core-group-is-layout-977a0762 wp-block-group-is-layout-flex\">\n<div class=\"wp-block-group is-nowrap is-layout-flex wp-container-core-group-is-layout-f66f9956 wp-block-group-is-layout-flex\">\n<figure class=\"wp-block-image size-full is-resized is-style-default vertical-aligncenter wp-duotone-themeblue-and-themeblue\"><img decoding=\"async\" src=\"https:\/\/naprawiaj.eu\/wp-content\/themes\/smartlog\/assets\/images\/icon-phone.png\" alt=\"\" class=\"wp-image-8088\" style=\"width:26px;height:auto\"\/><\/figure>\n<\/div>\n\n\n\n<p class=\"has-small-font-size\" style=\"font-style:normal;font-weight:500\">+48 889 887 977<\/p>\n<\/div>\n\n\n\n<div class=\"wp-block-group is-nowrap is-layout-flex wp-container-core-group-is-layout-be2ef28a wp-block-group-is-layout-flex\">\n<figure class=\"wp-block-image size-full is-resized is-style-default vertical-aligncenter wp-duotone-themeblue-and-themeblue\"><img decoding=\"async\" src=\"https:\/\/naprawiaj.eu\/wp-content\/themes\/smartlog\/assets\/images\/icon-envelope.png\" alt=\"\" class=\"wp-image-8087\" style=\"width:25px;height:auto\"\/><\/figure>\n\n\n\n<p class=\"has-small-font-size\" style=\"font-style:normal;font-weight:500\"><a href=\"mailto:biuro@naprawiaj.eu\"><strong>biuro@naprawiaj.eu<\/strong><\/a><\/p>\n<\/div>\n\n\n\n<div class=\"wp-block-group is-nowrap is-layout-flex wp-container-core-group-is-layout-be2ef28a wp-block-group-is-layout-flex\"><\/div>\n<\/div>\n<\/div>\n<\/div>\n<\/header>\n\n\n<div class=\"wp-block-group is-nowrap is-layout-flex wp-container-core-group-is-layout-6c531013 wp-block-group-is-layout-flex\">\n<div class=\"wp-block-media-text is-stacked-on-mobile\" style=\"grid-template-columns:19% auto\"><figure class=\"wp-block-media-text__media\"><a href=\"https:\/\/naprawiaj.eu\/\"><img fetchpriority=\"high\" decoding=\"async\" width=\"1024\" height=\"1024\" src=\"https:\/\/naprawiaj.eu\/wp-content\/uploads\/2024\/10\/Projekt-bez-nazwy-2-3-1024x1024.webp\" alt=\"\" class=\"wp-image-119 size-full\" srcset=\"https:\/\/naprawiaj.eu\/wp-content\/uploads\/2024\/10\/Projekt-bez-nazwy-2-3-1024x1024.webp 1024w, https:\/\/naprawiaj.eu\/wp-content\/uploads\/2024\/10\/Projekt-bez-nazwy-2-3-300x300.webp 300w, https:\/\/naprawiaj.eu\/wp-content\/uploads\/2024\/10\/Projekt-bez-nazwy-2-3-150x150.webp 150w, https:\/\/naprawiaj.eu\/wp-content\/uploads\/2024\/10\/Projekt-bez-nazwy-2-3-768x768.webp 768w, https:\/\/naprawiaj.eu\/wp-content\/uploads\/2024\/10\/Projekt-bez-nazwy-2-3-1536x1536.webp 1536w, https:\/\/naprawiaj.eu\/wp-content\/uploads\/2024\/10\/Projekt-bez-nazwy-2-3.webp 1920w\" sizes=\"(max-width: 1024px) 100vw, 1024px\" \/><\/a><\/figure><div class=\"wp-block-media-text__content\">\n<h2 class=\"wp-block-heading has-text-align-center\"><strong>Tw\u00f3j sprz\u0119t wymaga naprawy? Niezale\u017cnie od tego, czy to urz\u0105dzenia z firmy, domu, czy ogrodu \u2013 jeste\u015bmy tutaj, aby Ci pom\u00f3c!<\/strong><\/h2>\n<\/div><\/div>\n<\/div>\n\n\n\n<div class=\"wp-block-cover\"><span aria-hidden=\"true\" class=\"wp-block-cover__background has-background-dim-100 has-background-dim\"><\/span><div class=\"wp-block-cover__inner-container is-layout-flow wp-block-cover-is-layout-flow\">\n<p>Dzia\u0142: Naprawa Sprz\u0119tu AGD<\/p>\n\n\n\n<p>W dziale <strong>Naprawa Sprz\u0119tu AGD<\/strong> oferujemy kompleksowe us\u0142ugi naprawy szerokiej gamy sprz\u0119t\u00f3w domowych, kt\u00f3re codziennie u\u0142atwiaj\u0105 \u017cycie. Nasza misja to szybka, fachowa i niedroga pomoc w przypadku awarii urz\u0105dze\u0144 AGD. Nasi technicy s\u0105 do\u015bwiadczeni i stosuj\u0105 najnowsze technologie naprawcze, aby przywr\u00f3ci\u0107 Twoje urz\u0105dzenia do pe\u0142nej sprawno\u015bci.<\/p>\n\n\n\n<h4 class=\"wp-block-heading\">Co Naprawiamy?<\/h4>\n\n\n\n<p>Naprawiamy sprz\u0119t AGD od r\u00f3\u017cnych producent\u00f3w, zar\u00f3wno popularnych, jak i mniej znanych marek. Nasza oferta obejmuje:<\/p>\n\n\n\n<ul class=\"wp-block-list\">\n<li><strong>Pralki<\/strong> \u2013 rozwi\u0105zywanie problem\u00f3w z obrotem b\u0119bna, odp\u0142ywem wody, wyciekami oraz elektronik\u0105<\/li>\n\n\n\n<li><strong>Zmywarki<\/strong> \u2013 naprawa pompy, uszczelek, grza\u0142ki i uk\u0142ad\u00f3w sterowania<\/li>\n\n\n\n<li><strong>Kuchenki i piekarniki<\/strong> \u2013 naprawa element\u00f3w grzewczych, regulator\u00f3w, p\u0142yt indukcyjnych i ceramicznych<\/li>\n\n\n\n<li><strong>Mikrofal\u00f3wki<\/strong> \u2013 naprawa mechanizm\u00f3w obrotowych, grza\u0142ek oraz p\u0142ytek magnetronu<\/li>\n\n\n\n<li><strong>Ekspresy do kawy<\/strong> \u2013 czyszczenie uk\u0142ad\u00f3w ci\u015bnieniowych, wymiana pomp i uszczelek<\/li>\n\n\n\n<li><strong>Suszarki<\/strong> \u2013 naprawa wentylator\u00f3w, pask\u00f3w nap\u0119dowych oraz element\u00f3w grzewczych<\/li>\n\n\n\n<li><strong>Odkurzacze<\/strong> \u2013 naprawa silnik\u00f3w, filtr\u00f3w, szczotek oraz przewod\u00f3w<\/li>\n\n\n\n<li><strong>Myjki parowe<\/strong> \u2013 diagnostyka i naprawa usterek zwi\u0105zanych z ci\u015bnieniem i elementami grzewczymi<\/li>\n\n\n\n<li><strong>\u017belazka<\/strong> \u2013 naprawa termostat\u00f3w, element\u00f3w grzewczych i zbiornik\u00f3w na wod\u0119<\/li>\n\n\n\n<li><strong>Okapy kuchenne<\/strong> \u2013 usuwanie problem\u00f3w z filtrami, o\u015bwietleniem oraz wentylatorami<\/li>\n<\/ul>\n\n\n\n<h4 class=\"wp-block-heading\">Dlaczego warto wybra\u0107 nasz\u0105 us\u0142ug\u0119?<\/h4>\n\n\n\n<p>Oferujemy <strong>szybk\u0105 diagnostyk\u0119<\/strong> i <strong>rzeteln\u0105 napraw\u0119<\/strong>, dzi\u0119ki czemu masz pewno\u015b\u0107, \u017ce Twoje urz\u0105dzenia b\u0119d\u0105 dzia\u0142a\u0107 jak nowe. Na ka\u017cd\u0105 napraw\u0119 dajemy gwarancj\u0119, a dojazd do klienta i czas realizacji dostosowujemy do potrzeb u\u017cytkownika.<\/p>\n\n\n\n<p>Wybierz <strong>naprawiaj.eu<\/strong> \u2013 zadbamy o sprawno\u015b\u0107 Twojego sprz\u0119tu AGD!<\/p>\n<\/div><\/div>\n\n\n\n<div class=\"wp-block-group alignfull has-foreground-color has-footer-column-background-color has-text-color has-background has-link-color wp-elements-5d090fc3925dd50ebd8f684e062a3e3e is-layout-constrained wp-block-group-is-layout-constrained\" style=\"padding-top:var(--wp--preset--spacing--20);padding-bottom:var(--wp--preset--spacing--20)\">\n<div class=\"wp-block-group alignwide wp-block-footer  wp-block-site-generator is-layout-constrained wp-block-group-is-layout-constrained\">\n<div class=\"wp-block-group alignwide wp-block-site-info is-content-justification-center is-layout-flex wp-container-core-group-is-layout-a89b3969 wp-block-group-is-layout-flex\">\n<p>Copyright \u00a9 2023 All rights reserved. <\/p>\n<\/div>\n<\/div>\n<\/div>\n\n\n","protected":false},"excerpt":{"rendered":"<p>Tw\u00f3j sprz\u0119t wymaga naprawy? Niezale\u017cnie od tego, czy to urz\u0105dzenia z firmy, domu, czy ogrodu \u2013 jeste\u015bmy tutaj, aby Ci pom\u00f3c! Copyright \u00a9 2023 All rights reserved.<\/p>\n","protected":false},"author":1,"featured_media":0,"parent":0,"menu_order":0,"comment_status":"closed","ping_status":"closed","template":"wp-custom-template-1","meta":{"footnotes":""},"class_list":["post-195","page","type-page","status-publish","hentry"],"yoast_head":"<!-- This site is optimized with the Yoast SEO plugin v23.5 - https:\/\/yoast.com\/wordpress\/plugins\/seo\/ -->\n<title>Naprawa Sprz\u0119tu AGD - Naprawa AGD, Elektronarz\u0119dzi, Ogrodowe, Rydu\u0142towy, Rybnik, \u015al\u0105sk<\/title>\n<meta name=\"robots\" content=\"index, follow, max-snippet:-1, max-image-preview:large, max-video-preview:-1\" \/>\n<link rel=\"canonical\" href=\"https:\/\/naprawiaj.eu\/?page_id=195\" \/>\n<meta property=\"og:locale\" content=\"pl_PL\" \/>\n<meta property=\"og:type\" content=\"article\" \/>\n<meta property=\"og:title\" content=\"Naprawa Sprz\u0119tu AGD - Naprawa AGD, Elektronarz\u0119dzi, Ogrodowe, Rydu\u0142towy, Rybnik, \u015al\u0105sk\" \/>\n<meta property=\"og:description\" content=\"Tw\u00f3j sprz\u0119t wymaga naprawy? Niezale\u017cnie od tego, czy to urz\u0105dzenia z firmy, domu, czy ogrodu \u2013 jeste\u015bmy tutaj, aby Ci pom\u00f3c! Copyright \u00a9 2023 All rights reserved.\" \/>\n<meta property=\"og:url\" content=\"https:\/\/naprawiaj.eu\/?page_id=195\" \/>\n<meta property=\"og:site_name\" content=\"Naprawa AGD, Elektronarz\u0119dzi, Ogrodowe, Rydu\u0142towy, Rybnik, \u015al\u0105sk\" \/>\n<meta property=\"article:publisher\" content=\"https:\/\/www.facebook.com\/profile.php?id=61565999024549\" \/>\n<meta property=\"article:modified_time\" content=\"2024-10-28T21:37:14+00:00\" \/>\n<meta property=\"og:image\" content=\"https:\/\/naprawiaj.eu\/wp-content\/uploads\/2024\/10\/Projekt-bez-nazwy-2-3-1024x1024.webp\" \/>\n<meta name=\"twitter:card\" content=\"summary_large_image\" \/>\n<meta name=\"twitter:label1\" content=\"Szacowany czas czytania\" \/>\n\t<meta name=\"twitter:data1\" content=\"2 minuty\" \/>\n<script type=\"application\/ld+json\" class=\"yoast-schema-graph\">{\"@context\":\"https:\/\/schema.org\",\"@graph\":[{\"@type\":\"WebPage\",\"@id\":\"https:\/\/naprawiaj.eu\/?page_id=195\",\"url\":\"https:\/\/naprawiaj.eu\/?page_id=195\",\"name\":\"Naprawa Sprz\u0119tu AGD - Naprawa AGD, Elektronarz\u0119dzi, Ogrodowe, Rydu\u0142towy, Rybnik, \u015al\u0105sk\",\"isPartOf\":{\"@id\":\"https:\/\/naprawiaj.eu\/#website\"},\"primaryImageOfPage\":{\"@id\":\"https:\/\/naprawiaj.eu\/?page_id=195#primaryimage\"},\"image\":{\"@id\":\"https:\/\/naprawiaj.eu\/?page_id=195#primaryimage\"},\"thumbnailUrl\":\"https:\/\/naprawiaj.eu\/wp-content\/uploads\/2024\/10\/Projekt-bez-nazwy-2-3-1024x1024.webp\",\"datePublished\":\"2024-10-28T20:46:23+00:00\",\"dateModified\":\"2024-10-28T21:37:14+00:00\",\"breadcrumb\":{\"@id\":\"https:\/\/naprawiaj.eu\/?page_id=195#breadcrumb\"},\"inLanguage\":\"pl-PL\",\"potentialAction\":[{\"@type\":\"ReadAction\",\"target\":[\"https:\/\/naprawiaj.eu\/?page_id=195\"]}]},{\"@type\":\"ImageObject\",\"inLanguage\":\"pl-PL\",\"@id\":\"https:\/\/naprawiaj.eu\/?page_id=195#primaryimage\",\"url\":\"https:\/\/naprawiaj.eu\/wp-content\/uploads\/2024\/10\/Projekt-bez-nazwy-2-3.webp\",\"contentUrl\":\"https:\/\/naprawiaj.eu\/wp-content\/uploads\/2024\/10\/Projekt-bez-nazwy-2-3.webp\",\"width\":1920,\"height\":1920},{\"@type\":\"BreadcrumbList\",\"@id\":\"https:\/\/naprawiaj.eu\/?page_id=195#breadcrumb\",\"itemListElement\":[{\"@type\":\"ListItem\",\"position\":1,\"name\":\"Strona g\u0142\u00f3wna\",\"item\":\"https:\/\/naprawiaj.eu\/\"},{\"@type\":\"ListItem\",\"position\":2,\"name\":\"Naprawa Sprz\u0119tu AGD\"}]},{\"@type\":\"WebSite\",\"@id\":\"https:\/\/naprawiaj.eu\/#website\",\"url\":\"https:\/\/naprawiaj.eu\/\",\"name\":\"Serwis sprz\u0119tu, naprawa.\",\"description\":\"Naprawa AGD, Elektronarz\u0119dzi, Ogrodowe, Rydu\u0142towy, Rybnik, \u015al\u0105sk\",\"publisher\":{\"@id\":\"https:\/\/naprawiaj.eu\/#organization\"},\"potentialAction\":[{\"@type\":\"SearchAction\",\"target\":{\"@type\":\"EntryPoint\",\"urlTemplate\":\"https:\/\/naprawiaj.eu\/?s={search_term_string}\"},\"query-input\":{\"@type\":\"PropertyValueSpecification\",\"valueRequired\":true,\"valueName\":\"search_term_string\"}}],\"inLanguage\":\"pl-PL\"},{\"@type\":\"Organization\",\"@id\":\"https:\/\/naprawiaj.eu\/#organization\",\"name\":\"Naprawiaj.eu\",\"url\":\"https:\/\/naprawiaj.eu\/\",\"logo\":{\"@type\":\"ImageObject\",\"inLanguage\":\"pl-PL\",\"@id\":\"https:\/\/naprawiaj.eu\/#\/schema\/logo\/image\/\",\"url\":\"https:\/\/naprawiaj.eu\/wp-content\/uploads\/2024\/09\/Projekt-bez-nazwy-2-2.png\",\"contentUrl\":\"https:\/\/naprawiaj.eu\/wp-content\/uploads\/2024\/09\/Projekt-bez-nazwy-2-2.png\",\"width\":2048,\"height\":2048,\"caption\":\"Naprawiaj.eu\"},\"image\":{\"@id\":\"https:\/\/naprawiaj.eu\/#\/schema\/logo\/image\/\"},\"sameAs\":[\"https:\/\/www.facebook.com\/profile.php?id=61565999024549\"]}]}<\/script>\n<!-- \/ Yoast SEO plugin. -->","yoast_head_json":{"title":"Naprawa Sprz\u0119tu AGD - Naprawa AGD, Elektronarz\u0119dzi, Ogrodowe, Rydu\u0142towy, Rybnik, \u015al\u0105sk","robots":{"index":"index","follow":"follow","max-snippet":"max-snippet:-1","max-image-preview":"max-image-preview:large","max-video-preview":"max-video-preview:-1"},"canonical":"https:\/\/naprawiaj.eu\/?page_id=195","og_locale":"pl_PL","og_type":"article","og_title":"Naprawa Sprz\u0119tu AGD - Naprawa AGD, Elektronarz\u0119dzi, Ogrodowe, Rydu\u0142towy, Rybnik, \u015al\u0105sk","og_description":"Tw\u00f3j sprz\u0119t wymaga naprawy? Niezale\u017cnie od tego, czy to urz\u0105dzenia z firmy, domu, czy ogrodu \u2013 jeste\u015bmy tutaj, aby Ci pom\u00f3c! Copyright \u00a9 2023 All rights reserved.","og_url":"https:\/\/naprawiaj.eu\/?page_id=195","og_site_name":"Naprawa AGD, Elektronarz\u0119dzi, Ogrodowe, Rydu\u0142towy, Rybnik, \u015al\u0105sk","article_publisher":"https:\/\/www.facebook.com\/profile.php?id=61565999024549","article_modified_time":"2024-10-28T21:37:14+00:00","og_image":[{"url":"https:\/\/naprawiaj.eu\/wp-content\/uploads\/2024\/10\/Projekt-bez-nazwy-2-3-1024x1024.webp"}],"twitter_card":"summary_large_image","twitter_misc":{"Szacowany czas czytania":"2 minuty"},"schema":{"@context":"https:\/\/schema.org","@graph":[{"@type":"WebPage","@id":"https:\/\/naprawiaj.eu\/?page_id=195","url":"https:\/\/naprawiaj.eu\/?page_id=195","name":"Naprawa Sprz\u0119tu AGD - Naprawa AGD, Elektronarz\u0119dzi, Ogrodowe, Rydu\u0142towy, Rybnik, \u015al\u0105sk","isPartOf":{"@id":"https:\/\/naprawiaj.eu\/#website"},"primaryImageOfPage":{"@id":"https:\/\/naprawiaj.eu\/?page_id=195#primaryimage"},"image":{"@id":"https:\/\/naprawiaj.eu\/?page_id=195#primaryimage"},"thumbnailUrl":"https:\/\/naprawiaj.eu\/wp-content\/uploads\/2024\/10\/Projekt-bez-nazwy-2-3-1024x1024.webp","datePublished":"2024-10-28T20:46:23+00:00","dateModified":"2024-10-28T21:37:14+00:00","breadcrumb":{"@id":"https:\/\/naprawiaj.eu\/?page_id=195#breadcrumb"},"inLanguage":"pl-PL","potentialAction":[{"@type":"ReadAction","target":["https:\/\/naprawiaj.eu\/?page_id=195"]}]},{"@type":"ImageObject","inLanguage":"pl-PL","@id":"https:\/\/naprawiaj.eu\/?page_id=195#primaryimage","url":"https:\/\/naprawiaj.eu\/wp-content\/uploads\/2024\/10\/Projekt-bez-nazwy-2-3.webp","contentUrl":"https:\/\/naprawiaj.eu\/wp-content\/uploads\/2024\/10\/Projekt-bez-nazwy-2-3.webp","width":1920,"height":1920},{"@type":"BreadcrumbList","@id":"https:\/\/naprawiaj.eu\/?page_id=195#breadcrumb","itemListElement":[{"@type":"ListItem","position":1,"name":"Strona g\u0142\u00f3wna","item":"https:\/\/naprawiaj.eu\/"},{"@type":"ListItem","position":2,"name":"Naprawa Sprz\u0119tu AGD"}]},{"@type":"WebSite","@id":"https:\/\/naprawiaj.eu\/#website","url":"https:\/\/naprawiaj.eu\/","name":"Serwis sprz\u0119tu, naprawa.","description":"Naprawa AGD, Elektronarz\u0119dzi, Ogrodowe, Rydu\u0142towy, Rybnik, \u015al\u0105sk","publisher":{"@id":"https:\/\/naprawiaj.eu\/#organization"},"potentialAction":[{"@type":"SearchAction","target":{"@type":"EntryPoint","urlTemplate":"https:\/\/naprawiaj.eu\/?s={search_term_string}"},"query-input":{"@type":"PropertyValueSpecification","valueRequired":true,"valueName":"search_term_string"}}],"inLanguage":"pl-PL"},{"@type":"Organization","@id":"https:\/\/naprawiaj.eu\/#organization","name":"Naprawiaj.eu","url":"https:\/\/naprawiaj.eu\/","logo":{"@type":"ImageObject","inLanguage":"pl-PL","@id":"https:\/\/naprawiaj.eu\/#\/schema\/logo\/image\/","url":"https:\/\/naprawiaj.eu\/wp-content\/uploads\/2024\/09\/Projekt-bez-nazwy-2-2.png","contentUrl":"https:\/\/naprawiaj.eu\/wp-content\/uploads\/2024\/09\/Projekt-bez-nazwy-2-2.png","width":2048,"height":2048,"caption":"Naprawiaj.eu"},"image":{"@id":"https:\/\/naprawiaj.eu\/#\/schema\/logo\/image\/"},"sameAs":["https:\/\/www.facebook.com\/profile.php?id=61565999024549"]}]}},"_links":{"self":[{"href":"https:\/\/naprawiaj.eu\/index.php?rest_route=\/wp\/v2\/pages\/195","targetHints":{"allow":["GET"]}}],"collection":[{"href":"https:\/\/naprawiaj.eu\/index.php?rest_route=\/wp\/v2\/pages"}],"about":[{"href":"https:\/\/naprawiaj.eu\/index.php?rest_route=\/wp\/v2\/types\/page"}],"author":[{"embeddable":true,"href":"https:\/\/naprawiaj.eu\/index.php?rest_route=\/wp\/v2\/users\/1"}],"replies":[{"embeddable":true,"href":"https:\/\/naprawiaj.eu\/index.php?rest_route=%2Fwp%2Fv2%2Fcomments&post=195"}],"version-history":[{"count":1,"href":"https:\/\/naprawiaj.eu\/index.php?rest_route=\/wp\/v2\/pages\/195\/revisions"}],"predecessor-version":[{"id":196,"href":"https:\/\/naprawiaj.eu\/index.php?rest_route=\/wp\/v2\/pages\/195\/revisions\/196"}],"wp:attachment":[{"href":"https:\/\/naprawiaj.eu\/index.php?rest_route=%2Fwp%2Fv2%2Fmedia&parent=195"}],"curies":[{"name":"wp","href":"https:\/\/api.w.org\/{rel}","templated":true}]}}